{"id":165,"date":"2024-01-31T14:00:19","date_gmt":"2024-01-31T14:00:19","guid":{"rendered":"https:\/\/smartdrugs2024.com\/?page_id=165"},"modified":"2025-09-04T14:15:54","modified_gmt":"2025-09-04T14:15:54","slug":"casini-team","status":"publish","type":"page","link":"https:\/\/smartdrugs2024.com\/?page_id=165","title":{"rendered":"Casini Team &#8211; TUM"},"content":{"rendered":"\n<h4 class=\"wp-block-heading alignwide\">Prof. Dr. Angela Casini<\/h4>\n\n\n\n<div class=\"wp-block-media-text alignwide is-stacked-on-mobile is-vertically-aligned-center\" style=\"grid-template-columns:18% auto\"><figure class=\"wp-block-media-text__media\"><img data-opt-id=1710970240  fetchpriority=\"high\" decoding=\"async\" width=\"633\" height=\"885\" src=\"https:\/\/mlpq7ncp5jqb.i.optimole.com\/w:auto\/h:auto\/q:mauto\/ig:avif\/http:\/\/smartdrugs2024.com\/wp-content\/uploads\/2024\/01\/1-angela.png\" alt=\"\" class=\"wp-image-132 size-full\" srcset=\"https:\/\/mlpq7ncp5jqb.i.optimole.com\/w:633\/h:885\/q:mauto\/ig:avif\/https:\/\/smartdrugs2024.com\/wp-content\/uploads\/2024\/01\/1-angela.png 633w, https:\/\/mlpq7ncp5jqb.i.optimole.com\/w:215\/h:300\/q:mauto\/ig:avif\/https:\/\/smartdrugs2024.com\/wp-content\/uploads\/2024\/01\/1-angela.png 215w\" sizes=\"(max-width: 633px) 100vw, 633px\" \/><\/figure><div class=\"wp-block-media-text__content\">\n<p>Website:&nbsp;<a href=\"https:\/\/www.ch.nat.tum.de\/mbc\/prof-angela-casini\/\" target=\"_blank\" rel=\"noreferrer noopener\">https:\/\/www.ch.nat.tum.de\/mbc\/prof-angela-casini\/<\/a><\/p>\n\n\n\n<figure class=\"wp-block-image size-full is-resized\"><a href=\"https:\/\/orcid.org\/0000-0003-1599-9542\"><img data-opt-id=395480196  fetchpriority=\"high\" decoding=\"async\" width=\"512\" height=\"166\" src=\"https:\/\/mlpq7ncp5jqb.i.optimole.com\/w:auto\/h:auto\/q:mauto\/ig:avif\/http:\/\/smartdrugs2024.com\/wp-content\/uploads\/2024\/02\/Picture-1.png\" alt=\"\" class=\"wp-image-338\" style=\"width:130px\" srcset=\"https:\/\/mlpq7ncp5jqb.i.optimole.com\/w:512\/h:166\/q:mauto\/ig:avif\/https:\/\/smartdrugs2024.com\/wp-content\/uploads\/2024\/02\/Picture-1.png 512w, https:\/\/mlpq7ncp5jqb.i.optimole.com\/w:300\/h:97\/q:mauto\/ig:avif\/https:\/\/smartdrugs2024.com\/wp-content\/uploads\/2024\/02\/Picture-1.png 300w\" sizes=\"(max-width: 512px) 100vw, 512px\" \/><\/a><\/figure>\n<\/div><\/div>\n\n\n\n<div style=\"height:35px\" aria-hidden=\"true\" class=\"wp-block-spacer\"><\/div>\n\n\n\n<h4 class=\"wp-block-heading alignwide\">Dr. Claudia Schmidt (Senior research associate)<\/h4>\n\n\n\n<div class=\"wp-block-media-text alignwide is-stacked-on-mobile is-vertically-aligned-center\" style=\"grid-template-columns:18% auto\"><figure class=\"wp-block-media-text__media\"><img data-opt-id=827549194  data-opt-src=\"https:\/\/mlpq7ncp5jqb.i.optimole.com\/w:auto\/h:auto\/q:mauto\/ig:avif\/http:\/\/smartdrugs2024.com\/wp-content\/uploads\/2024\/03\/Claudia_crop.png\"  decoding=\"async\" width=\"587\" height=\"829\" src=\"data:image/svg+xml,%3Csvg%20viewBox%3D%220%200%20100%%20100%%22%20width%3D%22100%%22%20height%3D%22100%%22%20xmlns%3D%22http%3A%2F%2Fwww.w3.org%2F2000%2Fsvg%22%3E%3Crect%20width%3D%22100%%22%20height%3D%22100%%22%20fill%3D%22transparent%22%2F%3E%3C%2Fsvg%3E\" alt=\"\" class=\"wp-image-705 size-full\" old-srcset=\"https:\/\/mlpq7ncp5jqb.i.optimole.com\/w:587\/h:829\/q:mauto\/ig:avif\/https:\/\/smartdrugs2024.com\/wp-content\/uploads\/2024\/03\/Claudia_crop.png 587w, https:\/\/mlpq7ncp5jqb.i.optimole.com\/w:212\/h:300\/q:mauto\/ig:avif\/https:\/\/smartdrugs2024.com\/wp-content\/uploads\/2024\/03\/Claudia_crop.png 212w\" \/><\/figure><div class=\"wp-block-media-text__content\">\n<p>Claudia&#8217;s academic journey commenced with a study in pharmacy, and in the successful completion of her doctoral thesis in pharmaceutical and medicinal chemistry in 2017 under the guidance of Prof. Dr. Ingo Ott at the Technical University of Braunschweig, Germany. Her research endeavors during this period focused on the bioanalytical assessment of N-heterocyclic carbene organogold(I) compounds, exploring their potential as antitumor therapeutics and antibiotics. Concurrently, she pursued a training to become a proficient pharmacist specialising in pharmaceutical analytics.<\/p>\n\n\n\n<p>Transitioning to the postdoctoral phase, Claudia joined Prof. Dan Gibson&#8217;s research group at the Hebrew University of Jerusalem in Israel in 2018, where her work centred on the development of Pt(IV) coordination complexes.<\/p>\n\n\n\n<p>Since 2020, Claudia has been an integral part of Prof. Angela Casini&#8217;s group at the Technical University of Munich, Germany. Her current research interests lie in exploring the biochemical aspects of cyclometalated Au(III) compounds, specifically their catalytic properties as enzyme inhibitors and protein tags. Furthermore, she is engaged in the exploration of modifications to supramolecular metallacages for potential biomedical applications.<\/p>\n\n\n\n<figure class=\"wp-block-image size-full is-resized\"><a href=\"https:\/\/orcid.org\/0000-0001-8532-2604\"><img data-opt-id=395480196  data-opt-src=\"https:\/\/mlpq7ncp5jqb.i.optimole.com\/w:auto\/h:auto\/q:mauto\/ig:avif\/http:\/\/smartdrugs2024.com\/wp-content\/uploads\/2024\/02\/Picture-1.png\"  decoding=\"async\" width=\"512\" height=\"166\" src=\"data:image/svg+xml,%3Csvg%20viewBox%3D%220%200%20100%%20100%%22%20width%3D%22100%%22%20height%3D%22100%%22%20xmlns%3D%22http%3A%2F%2Fwww.w3.org%2F2000%2Fsvg%22%3E%3Crect%20width%3D%22100%%22%20height%3D%22100%%22%20fill%3D%22transparent%22%2F%3E%3C%2Fsvg%3E\" alt=\"\" class=\"wp-image-338\" style=\"width:123px\" old-srcset=\"https:\/\/mlpq7ncp5jqb.i.optimole.com\/w:512\/h:166\/q:mauto\/ig:avif\/https:\/\/smartdrugs2024.com\/wp-content\/uploads\/2024\/02\/Picture-1.png 512w, https:\/\/mlpq7ncp5jqb.i.optimole.com\/w:300\/h:97\/q:mauto\/ig:avif\/https:\/\/smartdrugs2024.com\/wp-content\/uploads\/2024\/02\/Picture-1.png 300w\" \/><\/a><\/figure>\n<\/div><\/div>\n\n\n\n<div style=\"height:35px\" aria-hidden=\"true\" class=\"wp-block-spacer\"><\/div>\n\n\n\n<h4 class=\"wp-block-heading alignwide has-text-align-left\">Dr. Guillermo Moreno-Alc\u00e1ntar (Funded by SMARTdrugs)<\/h4>\n\n\n\n<div class=\"wp-block-media-text alignwide is-stacked-on-mobile is-vertically-aligned-center\" style=\"grid-template-columns:18% auto\"><figure class=\"wp-block-media-text__media\"><img data-opt-id=674162632  data-opt-src=\"https:\/\/mlpq7ncp5jqb.i.optimole.com\/w:auto\/h:auto\/q:mauto\/ig:avif\/http:\/\/smartdrugs2024.com\/wp-content\/uploads\/2024\/03\/Guillermo_crop.png\"  decoding=\"async\" width=\"587\" height=\"827\" src=\"data:image/svg+xml,%3Csvg%20viewBox%3D%220%200%20100%%20100%%22%20width%3D%22100%%22%20height%3D%22100%%22%20xmlns%3D%22http%3A%2F%2Fwww.w3.org%2F2000%2Fsvg%22%3E%3Crect%20width%3D%22100%%22%20height%3D%22100%%22%20fill%3D%22transparent%22%2F%3E%3C%2Fsvg%3E\" alt=\"\" class=\"wp-image-707 size-full\" old-srcset=\"https:\/\/mlpq7ncp5jqb.i.optimole.com\/w:587\/h:827\/q:mauto\/ig:avif\/https:\/\/smartdrugs2024.com\/wp-content\/uploads\/2024\/03\/Guillermo_crop.png 587w, https:\/\/mlpq7ncp5jqb.i.optimole.com\/w:213\/h:300\/q:mauto\/ig:avif\/https:\/\/smartdrugs2024.com\/wp-content\/uploads\/2024\/03\/Guillermo_crop.png 213w\" \/><\/figure><div class=\"wp-block-media-text__content\">\n<p>Guillermo got his PhD in Chemistry at <em>Universidad Nacional Aut\u00f3noma de M\u00e9xico<\/em> in 2018 under the supervision of Prof. Dr. Hugo Torrens<em>,<\/em> working in the study of supramolecular interactions and photophysical properties of gold(I) and silver(I) compounds. From 2018 to 2020, as a Postdoctoral Fellow in the group of Prof. Luisa De Cola at the <em>Institut de Science et d\u2019Ing\u00e9nierie Supramol\u00e9culaires<\/em> in Strasbourg, France, he studied the possibilities of controlling self-assembly processes of luminescent platinum-based coordination compounds by using tangential agents such as the media composition and nanoparticle hosts. In 2021-2023, he was Carl Friedrich von Siemens Research Fellow of the Alexander von Humboldt Foundation hosted by the groups of Prof. Angela Casini and Prof. Roland Fischer at the Technical University of Munich. His current research focuses on developing <em>smart <\/em>materials based on supramolecular coordination complexes for biomedical applications.<\/p>\n<\/div><\/div>\n\n\n\n<div style=\"height:35px\" aria-hidden=\"true\" class=\"wp-block-spacer\"><\/div>\n\n\n\n<h4 class=\"wp-block-heading alignwide has-text-align-left\">Dr. Darren Wragg<\/h4>\n\n\n\n<div class=\"wp-block-media-text alignwide is-stacked-on-mobile is-vertically-aligned-center\" style=\"grid-template-columns:18% auto\"><figure class=\"wp-block-media-text__media\"><img data-opt-id=632613368  data-opt-src=\"https:\/\/mlpq7ncp5jqb.i.optimole.com\/w:auto\/h:auto\/q:mauto\/ig:avif\/http:\/\/smartdrugs2024.com\/wp-content\/uploads\/2024\/03\/Darren_crop.png\"  decoding=\"async\" width=\"591\" height=\"831\" src=\"data:image/svg+xml,%3Csvg%20viewBox%3D%220%200%20100%%20100%%22%20width%3D%22100%%22%20height%3D%22100%%22%20xmlns%3D%22http%3A%2F%2Fwww.w3.org%2F2000%2Fsvg%22%3E%3Crect%20width%3D%22100%%22%20height%3D%22100%%22%20fill%3D%22transparent%22%2F%3E%3C%2Fsvg%3E\" alt=\"\" class=\"wp-image-709 size-full\" old-srcset=\"https:\/\/mlpq7ncp5jqb.i.optimole.com\/w:591\/h:831\/q:mauto\/ig:avif\/https:\/\/smartdrugs2024.com\/wp-content\/uploads\/2024\/03\/Darren_crop.png 591w, https:\/\/mlpq7ncp5jqb.i.optimole.com\/w:213\/h:300\/q:mauto\/ig:avif\/https:\/\/smartdrugs2024.com\/wp-content\/uploads\/2024\/03\/Darren_crop.png 213w\" \/><\/figure><div class=\"wp-block-media-text__content\">\n<p>Darren obtained his master\u2019s degree in Drug Chemistry from Newcastle University, including the subjects of organic synthesis, toxicology, radiochemistry and therapeutics. He then moved into the field of theoretical chemistry for his PhD at Cardiff University under the joint supervision of Prof. Angela Casini and Dr. Stefano Leoni. Here he worked on atomistic molecular dynamics calculations of biological mechanisms, ligand\/target interactions and enhanced sampling methods for free energy calculations (metadynamics), including forcefield building and parametrisation.Darren now works as a post doc at the Technical University of Munich working on the enhanced sampling of biological targets, host\/guest interactions, free energy methods, DFT and docking calculations. He also supervises students in computational methods related to biochemistry and ligand\/drug development.<\/p>\n<\/div><\/div>\n\n\n\n<div style=\"height:35px\" aria-hidden=\"true\" class=\"wp-block-spacer\"><\/div>\n\n\n\n<h4 class=\"wp-block-heading alignwide has-text-align-left\">Dr. \u00cd\u00f1igo Iribarren Aguirre<\/h4>\n\n\n\n<div class=\"wp-block-media-text alignwide is-stacked-on-mobile is-vertically-aligned-center\" style=\"grid-template-columns:18% auto\"><figure class=\"wp-block-media-text__media\"><img data-opt-id=1435865445  data-opt-src=\"https:\/\/mlpq7ncp5jqb.i.optimole.com\/w:auto\/h:auto\/q:mauto\/ig:avif\/http:\/\/smartdrugs2024.com\/wp-content\/uploads\/2024\/10\/Inigo_cropped.png\"  decoding=\"async\" width=\"585\" height=\"822\" src=\"data:image/svg+xml,%3Csvg%20viewBox%3D%220%200%20100%%20100%%22%20width%3D%22100%%22%20height%3D%22100%%22%20xmlns%3D%22http%3A%2F%2Fwww.w3.org%2F2000%2Fsvg%22%3E%3Crect%20width%3D%22100%%22%20height%3D%22100%%22%20fill%3D%22transparent%22%2F%3E%3C%2Fsvg%3E\" alt=\"\" class=\"wp-image-1079 size-full\" old-srcset=\"https:\/\/mlpq7ncp5jqb.i.optimole.com\/w:585\/h:822\/q:mauto\/ig:avif\/https:\/\/smartdrugs2024.com\/wp-content\/uploads\/2024\/10\/Inigo_cropped.png 585w, https:\/\/mlpq7ncp5jqb.i.optimole.com\/w:214\/h:300\/q:mauto\/ig:avif\/https:\/\/smartdrugs2024.com\/wp-content\/uploads\/2024\/10\/Inigo_cropped.png 214w\" \/><\/figure><div class=\"wp-block-media-text__content\">\n<p>\u00cd\u00f1igo obtained his master\u2019s degree in Theoretical Chemistry and Computational Modelling from Universidad Autonoma de Madrid. During this time he worked on different projects with Prof. Ibon Alkorta, from the Instituto de Quimica Medica, and Dr. Julia Contreras, from the Laboratoire de Chimie Theorique, focusing on the properties of different Non-covalent interactions. He moved to Dublin for his PhD at Trinity College under the supervision of Dr Cristina Trujillo. There he worked on the computational design of asymmetric organocatalysts for different reactions, reinventing the design workflow and moving from a retrospective approach, where computational chemistry was used as a mere tool to validate experimental results, to a prospective approach in which computational methods were the driving force of the designing process. Inigo currently works as a postdoctoral researcher at the Technical University of Munich with Prof. Angela Casini and Prof Alessio Gagliardi on the machine learning-powered design of supramolecular metallacages as drug delivery system.<\/p>\n<\/div><\/div>\n\n\n\n<div style=\"height:35px\" aria-hidden=\"true\" class=\"wp-block-spacer\"><\/div>\n\n\n\n<h4 class=\"wp-block-heading alignwide\">Julia Stebani (PhD candidate)<\/h4>\n\n\n\n<div class=\"wp-block-media-text alignwide is-stacked-on-mobile is-vertically-aligned-center\" style=\"grid-template-columns:18% auto\"><figure class=\"wp-block-media-text__media\"><img data-opt-id=549150148  data-opt-src=\"https:\/\/mlpq7ncp5jqb.i.optimole.com\/w:auto\/h:auto\/q:mauto\/ig:avif\/http:\/\/smartdrugs2024.com\/wp-content\/uploads\/2024\/03\/Julia_crop_02.png\"  decoding=\"async\" width=\"587\" height=\"829\" src=\"data:image/svg+xml,%3Csvg%20viewBox%3D%220%200%20100%%20100%%22%20width%3D%22100%%22%20height%3D%22100%%22%20xmlns%3D%22http%3A%2F%2Fwww.w3.org%2F2000%2Fsvg%22%3E%3Crect%20width%3D%22100%%22%20height%3D%22100%%22%20fill%3D%22transparent%22%2F%3E%3C%2Fsvg%3E\" alt=\"\" class=\"wp-image-713 size-full\" old-srcset=\"https:\/\/mlpq7ncp5jqb.i.optimole.com\/w:587\/h:829\/q:mauto\/ig:avif\/https:\/\/smartdrugs2024.com\/wp-content\/uploads\/2024\/03\/Julia_crop_02.png 587w, https:\/\/mlpq7ncp5jqb.i.optimole.com\/w:212\/h:300\/q:mauto\/ig:avif\/https:\/\/smartdrugs2024.com\/wp-content\/uploads\/2024\/03\/Julia_crop_02.png 212w\" \/><\/figure><div class=\"wp-block-media-text__content\">\n<p>Julia obtained her&nbsp;master&#8217;s degree at TUM under the supervision of Prof. Angela Casini focussing on the design and synthesis of supramolecular coordination cages (SCCs)&nbsp;as novel drug delivery systems. For her PhD she now works&nbsp;on the computational investigation of&nbsp;supramolecular drug encapsulation and solvation effects regarding the SCCs&nbsp;using Molecular Dynamics, enhanced sampling methods, supervised by Prof. Angela Casini and Prof. Phaedon-Stelios Koutsourelakis. Owing to her experimental background, she works on the interface of experiment and theory, bridging both parts with a strong focus on Machine Learning-enhanced workflows.<\/p>\n<\/div><\/div>\n\n\n\n<div style=\"height:35px\" aria-hidden=\"true\" class=\"wp-block-spacer\"><\/div>\n\n\n\n<h4 class=\"wp-block-heading alignwide\">Nina Willnhammer (PhD candidate &#8211; Funded by SMARTdrugs)<\/h4>\n\n\n\n<div class=\"wp-block-media-text alignwide is-stacked-on-mobile is-vertically-aligned-center\" style=\"grid-template-columns:18% auto\"><figure class=\"wp-block-media-text__media\"><img data-opt-id=1439564352  data-opt-src=\"https:\/\/mlpq7ncp5jqb.i.optimole.com\/w:auto\/h:auto\/q:mauto\/ig:avif\/http:\/\/smartdrugs2024.com\/wp-content\/uploads\/2024\/03\/Nina_crop.png\"  decoding=\"async\" width=\"587\" height=\"829\" src=\"data:image/svg+xml,%3Csvg%20viewBox%3D%220%200%20100%%20100%%22%20width%3D%22100%%22%20height%3D%22100%%22%20xmlns%3D%22http%3A%2F%2Fwww.w3.org%2F2000%2Fsvg%22%3E%3Crect%20width%3D%22100%%22%20height%3D%22100%%22%20fill%3D%22transparent%22%2F%3E%3C%2Fsvg%3E\" alt=\"\" class=\"wp-image-714 size-full\" old-srcset=\"https:\/\/mlpq7ncp5jqb.i.optimole.com\/w:587\/h:829\/q:mauto\/ig:avif\/https:\/\/smartdrugs2024.com\/wp-content\/uploads\/2024\/03\/Nina_crop.png 587w, https:\/\/mlpq7ncp5jqb.i.optimole.com\/w:212\/h:300\/q:mauto\/ig:avif\/https:\/\/smartdrugs2024.com\/wp-content\/uploads\/2024\/03\/Nina_crop.png 212w\" \/><\/figure><div class=\"wp-block-media-text__content\">\n<p>Nina obtained her master\u2019s degree at TUM under the supervision of Prof. Angela Casini focusing on the design and synthesis of metallacage-based bioactive materials for anti-cancer therapy. For her PhD she now works on the chemical design and synthesis of cancer-targeted radiopharmaceuticals for applications in diagnostic imaging and radiotherapy, supervised by Prof. Angela Casini and Dr. Guillermo Moreno Alc\u00e1ntar.<\/p>\n<\/div><\/div>\n\n\n\n<div style=\"height:35px\" aria-hidden=\"true\" class=\"wp-block-spacer\"><\/div>\n\n\n\n<h4 class=\"wp-block-heading alignwide\">Marike Drexler (PhD candidate)<\/h4>\n\n\n\n<div class=\"wp-block-media-text alignwide is-stacked-on-mobile\" style=\"grid-template-columns:18% auto\"><figure class=\"wp-block-media-text__media\"><img data-opt-id=73788043  data-opt-src=\"https:\/\/mlpq7ncp5jqb.i.optimole.com\/w:auto\/h:auto\/q:mauto\/ig:avif\/http:\/\/smartdrugs2024.com\/wp-content\/uploads\/2024\/03\/Marike_crop.png\"  decoding=\"async\" width=\"597\" height=\"829\" src=\"data:image/svg+xml,%3Csvg%20viewBox%3D%220%200%20100%%20100%%22%20width%3D%22100%%22%20height%3D%22100%%22%20xmlns%3D%22http%3A%2F%2Fwww.w3.org%2F2000%2Fsvg%22%3E%3Crect%20width%3D%22100%%22%20height%3D%22100%%22%20fill%3D%22transparent%22%2F%3E%3C%2Fsvg%3E\" alt=\"\" class=\"wp-image-716 size-full\" old-srcset=\"https:\/\/mlpq7ncp5jqb.i.optimole.com\/w:597\/h:829\/q:mauto\/ig:avif\/https:\/\/smartdrugs2024.com\/wp-content\/uploads\/2024\/03\/Marike_crop.png 597w, https:\/\/mlpq7ncp5jqb.i.optimole.com\/w:216\/h:300\/q:mauto\/ig:avif\/https:\/\/smartdrugs2024.com\/wp-content\/uploads\/2024\/03\/Marike_crop.png 216w\" \/><\/figure><div class=\"wp-block-media-text__content\">\n<p>Marike studied chemistry at Technical University of Munich and obtained her master\u2019s degree under the guidance of Prof. Angela Casini where she synthesized and evaluated palladium-based metallacages&nbsp;<em>exo<\/em>-functionalized with gold(I)-<em>N<\/em>-heterocyclic carbenes as drug delivery systems. As a PhD candidate supervised by Prof. Angela Casini, she now works on the design of homoleptic and heteroleptic supramolecular coordination complexes for the application as theranostic agents. In her project, she bridges organic and peptide synthesis, coordination chemistry as well as pharmaceutical radiochemistry.<\/p>\n<\/div><\/div>\n\n\n\n<div style=\"height:35px\" aria-hidden=\"true\" class=\"wp-block-spacer\"><\/div>\n\n\n\n<h4 class=\"wp-block-heading alignwide\">Daniela Krauss (PhD candidate &#8211; Funded by SMARTdrugs)<\/h4>\n\n\n\n<div class=\"wp-block-media-text alignwide is-stacked-on-mobile\" style=\"grid-template-columns:18% auto\"><figure class=\"wp-block-media-text__media\"><img data-opt-id=491238398  data-opt-src=\"https:\/\/mlpq7ncp5jqb.i.optimole.com\/w:auto\/h:auto\/q:mauto\/ig:avif\/http:\/\/smartdrugs2024.com\/wp-content\/uploads\/2025\/01\/Daniela_crop.png\"  decoding=\"async\" width=\"581\" height=\"820\" src=\"data:image/svg+xml,%3Csvg%20viewBox%3D%220%200%20100%%20100%%22%20width%3D%22100%%22%20height%3D%22100%%22%20xmlns%3D%22http%3A%2F%2Fwww.w3.org%2F2000%2Fsvg%22%3E%3Crect%20width%3D%22100%%22%20height%3D%22100%%22%20fill%3D%22transparent%22%2F%3E%3C%2Fsvg%3E\" alt=\"\" class=\"wp-image-1130 size-full\" old-srcset=\"https:\/\/mlpq7ncp5jqb.i.optimole.com\/w:581\/h:820\/q:mauto\/ig:avif\/https:\/\/smartdrugs2024.com\/wp-content\/uploads\/2025\/01\/Daniela_crop.png 581w, https:\/\/mlpq7ncp5jqb.i.optimole.com\/w:213\/h:300\/q:mauto\/ig:avif\/https:\/\/smartdrugs2024.com\/wp-content\/uploads\/2025\/01\/Daniela_crop.png 213w\" \/><\/figure><div class=\"wp-block-media-text__content\">\n<p>Daniela obtained her master\u2019s degree at TUM under the supervision of Prof. Angela Casini, focusing on the design and synthesis of self-assembled radio-theranostic agents of the metallacage family. Her PhD focuses on the chemical design and synthesis of cancer-targeted radiopharmaceuticals for applications in diagnostic imaging and radiotherapy, supervised by Prof. Angela Casini and Prof. Shigeyoshi Inoue. In her work, she also aims at the development on new versatile Silicon-Fluoride based Acceptors (SiFAs) for Fluorine-18 isotope exchange.<\/p>\n<\/div><\/div>\n\n\n\n<div style=\"height:35px\" aria-hidden=\"true\" class=\"wp-block-spacer\"><\/div>\n\n\n\n<div class=\"wp-block-group alignfull has-contrast-color has-text-color is-vertical is-content-justification-center is-layout-flex wp-container-core-group-layout-1 wp-block-group-is-layout-flex\" style=\"min-height:40vh;margin-top:0;margin-bottom:0;padding-top:var(--wp--preset--spacing--60);padding-right:var(--wp--preset--spacing--50);padding-bottom:var(--wp--preset--spacing--60);padding-left:var(--wp--preset--spacing--50)\"><div style=\"margin-bottom:6px;\" class=\"is-default-size aligncenter wp-block-site-logo\"><a href=\"https:\/\/smartdrugs2024.com\/\" class=\"custom-logo-link\" rel=\"home\"><img data-opt-id=1567365148  data-opt-src=\"https:\/\/mlpq7ncp5jqb.i.optimole.com\/w:auto\/h:auto\/q:mauto\/ig:avif\/https:\/\/smartdrugs2024.com\/wp-content\/uploads\/2024\/01\/Smart_drug_logo.png\"  decoding=\"async\" width=\"716\" height=\"520\" src=\"data:image/svg+xml,%3Csvg%20viewBox%3D%220%200%20100%%20100%%22%20width%3D%22100%%22%20height%3D%22100%%22%20xmlns%3D%22http%3A%2F%2Fwww.w3.org%2F2000%2Fsvg%22%3E%3Crect%20width%3D%22100%%22%20height%3D%22100%%22%20fill%3D%22transparent%22%2F%3E%3C%2Fsvg%3E\" class=\"custom-logo\" alt=\"smartdrugs2024.com\" old-srcset=\"https:\/\/mlpq7ncp5jqb.i.optimole.com\/w:716\/h:520\/q:mauto\/ig:avif\/https:\/\/smartdrugs2024.com\/wp-content\/uploads\/2024\/01\/Smart_drug_logo.png 716w, https:\/\/mlpq7ncp5jqb.i.optimole.com\/w:300\/h:218\/q:mauto\/ig:avif\/https:\/\/smartdrugs2024.com\/wp-content\/uploads\/2024\/01\/Smart_drug_logo.png 300w\" \/><\/a><\/div>\n\n\n<p class=\"has-text-align-center has-medium-font-size\">Proudly powered by <a href=\"https:\/\/wordpress.org\">WordPress<\/a><\/p>\n<\/div>\n","protected":false},"excerpt":{"rendered":"<p>Prof. Dr. Angela Casini Dr. Claudia Schmidt (Senior research associate) Dr. Guillermo Moreno-Alc\u00e1ntar (Funded by SMARTdrugs) Guillermo got his PhD in Chemistry at Universidad Nacional Aut\u00f3noma de M\u00e9xico in 2018 under the supervision of Prof. Dr. Hugo Torrens, working in the study of supramolecular interactions and photophysical properties of gold(I) [&hellip;]<\/p>\n","protected":false},"author":1,"featured_media":0,"parent":0,"menu_order":0,"comment_status":"closed","ping_status":"closed","template":"","meta":{"_monsterinsights_skip_tracking":false,"_monsterinsights_sitenote_active":false,"_monsterinsights_sitenote_note":"","_monsterinsights_sitenote_category":0,"footnotes":""},"_links":{"self":[{"href":"https:\/\/smartdrugs2024.com\/index.php?rest_route=\/wp\/v2\/pages\/165"}],"collection":[{"href":"https:\/\/smartdrugs2024.com\/index.php?rest_route=\/wp\/v2\/pages"}],"about":[{"href":"https:\/\/smartdrugs2024.com\/index.php?rest_route=\/wp\/v2\/types\/page"}],"author":[{"embeddable":true,"href":"https:\/\/smartdrugs2024.com\/index.php?rest_route=\/wp\/v2\/users\/1"}],"replies":[{"embeddable":true,"href":"https:\/\/smartdrugs2024.com\/index.php?rest_route=%2Fwp%2Fv2%2Fcomments&post=165"}],"version-history":[{"count":42,"href":"https:\/\/smartdrugs2024.com\/index.php?rest_route=\/wp\/v2\/pages\/165\/revisions"}],"predecessor-version":[{"id":1396,"href":"https:\/\/smartdrugs2024.com\/index.php?rest_route=\/wp\/v2\/pages\/165\/revisions\/1396"}],"wp:attachment":[{"href":"https:\/\/smartdrugs2024.com\/index.php?rest_route=%2Fwp%2Fv2%2Fmedia&parent=165"}],"curies":[{"name":"wp","href":"https:\/\/api.w.org\/{rel}","templated":true}]}}